{"id":38,"date":"2022-07-21T11:05:43","date_gmt":"2022-07-21T11:05:43","guid":{"rendered":"https:\/\/npoitsupport.de\/npowp\/?page_id=38"},"modified":"2022-07-21T11:05:43","modified_gmt":"2022-07-21T11:05:43","slug":"npo-it-support-ziele","status":"publish","type":"page","link":"https:\/\/www.npoitsupport.de\/index.php\/npo-it-support-ziele\/","title":{"rendered":"NPO IT Support &#8211; Ziele"},"content":{"rendered":"\n<p>Nun &#8211; was sind die Ziele von NPO IT Support?<\/p>\n\n\n\n<p>Der Grundgedanke ist, Personen zu finden, welche daran interessiert sind, an dem Thema &#8220;IT Unterst\u00fctzung f\u00fcr gemeinn\u00fctzige Organisationen&#8221; zu arbeiten. Der Unterst\u00fctzungsbedarf von NPO&#8217;s geht nat\u00fcrlich weit \u00fcber das Thema &#8220;IT&#8221; hinaus. Aber dies w\u00fcrde den Bogen total \u00fcberspannen. Dar\u00fcber hinaus gibt es gerade f\u00fcr Themen wie Sponsoring, Fund Raising, Stiftungen, usw. usw. spezialisierte Gruppen, welche sich mit den genannten Themen weitaus besser auskennen. Also lasse ich lieber mal die Finger davon.<\/p>\n\n\n\n<h4 class=\"wp-block-heading\">Schwerpunkte<\/h4>\n\n\n\n<p>Schwerpunkte hier sind im Augenblick<\/p>\n\n\n\n<ul class=\"wp-block-list\"><li>Hardware und die Unterthemen wie Netzwerk (LAN, WLAN), Server (VPS, Root-Server)<\/li><li>Software (Windows-basiert, Unix-Software f\u00fcr Server)<\/li><li>Unterst\u00fctzung von NPO&#8217;s mittels Remote-Desk<\/li><li>Unterst\u00fctzung von NPO&#8217;s bei der Realisierung von spezialisierten Anwendungen<\/li><\/ul>\n\n\n\n<h4 class=\"wp-block-heading\">Pr\u00e4missen<\/h4>\n\n\n\n<p>Die Mitarbeit ist grunds\u00e4tzlich ehrenamtlich. Sollten sich Parteien (NPO : Supporter) eine individuelle Zusammenarbeit und \/ oder Verg\u00fctung vorstellen, so ist das eine Angelegenheit dieser Parteien. <\/p>\n","protected":false},"excerpt":{"rendered":"<p>Nun &#8211; was sind die Ziele von NPO IT Support? Der Grundgedanke ist, Personen zu finden, welche daran interessiert sind, an dem Thema &#8220;IT Unterst\u00fctzung f\u00fcr gemeinn\u00fctzige Organisationen&#8221; zu arbeiten. Der Unterst\u00fctzungsbedarf von NPO&#8217;s geht nat\u00fcrlich weit \u00fcber das Thema &#8220;IT&#8221; hinaus. Aber dies w\u00fcrde den Bogen total \u00fcberspannen. Dar\u00fcber hinaus gibt es gerade f\u00fcr Themen wie Sponsoring, Fund Raising, Stiftungen, usw. usw. spezialisierte Gruppen, welche sich mit den genannten Themen weitaus besser auskennen. Also lasse ich lieber mal die Finger davon. Schwerpunkte Schwerpunkte hier sind im Augenblick Hardware und die Unterthemen wie Netzwerk (LAN, WLAN), Server (VPS, Root-Server) Software (Windows-basiert, Unix-Software f\u00fcr Server) Unterst\u00fctzung von NPO&#8217;s mittels Remote-Desk Unterst\u00fctzung von NPO&#8217;s bei der Realisierung von spezialisierten Anwendungen Pr\u00e4missen Die Mitarbeit ist grunds\u00e4tzlich ehrenamtlich. Sollten sich Parteien (NPO : Supporter) eine individuelle Zusammenarbeit und \/ oder Verg\u00fctung vorstellen, so ist das eine Angelegenheit dieser Parteien.<\/p>\n","protected":false},"author":1,"featured_media":0,"parent":0,"menu_order":0,"comment_status":"closed","ping_status":"closed","template":"","meta":{"footnotes":""},"class_list":["post-38","page","type-page","status-publish","hentry"],"_links":{"self":[{"href":"https:\/\/www.npoitsupport.de\/index.php\/wp-json\/wp\/v2\/pages\/38","targetHints":{"allow":["GET"]}}],"collection":[{"href":"https:\/\/www.npoitsupport.de\/index.php\/wp-json\/wp\/v2\/pages"}],"about":[{"href":"https:\/\/www.npoitsupport.de\/index.php\/wp-json\/wp\/v2\/types\/page"}],"author":[{"embeddable":true,"href":"https:\/\/www.npoitsupport.de\/index.php\/wp-json\/wp\/v2\/users\/1"}],"replies":[{"embeddable":true,"href":"https:\/\/www.npoitsupport.de\/index.php\/wp-json\/wp\/v2\/comments?post=38"}],"version-history":[{"count":2,"href":"https:\/\/www.npoitsupport.de\/index.php\/wp-json\/wp\/v2\/pages\/38\/revisions"}],"predecessor-version":[{"id":100,"href":"https:\/\/www.npoitsupport.de\/index.php\/wp-json\/wp\/v2\/pages\/38\/revisions\/100"}],"wp:attachment":[{"href":"https:\/\/www.npoitsupport.de\/index.php\/wp-json\/wp\/v2\/media?parent=38"}],"curies":[{"name":"wp","href":"https:\/\/api.w.org\/{rel}","templated":true}]}}