{"id":21,"date":"2022-07-21T08:32:45","date_gmt":"2022-07-21T08:32:45","guid":{"rendered":"https:\/\/npoitsupport.de\/npowp\/?page_id=21"},"modified":"2023-01-24T12:08:32","modified_gmt":"2023-01-24T12:08:32","slug":"npoit-welcome","status":"publish","type":"page","link":"https:\/\/www.npoitsupport.de\/","title":{"rendered":"Willkommen"},"content":{"rendered":"\n<p>Willkommen auf der Seite von NPO IT Support. Die Grundidee f\u00fcr dieses Thema ist nat\u00fcrlich da, aber muss noch mit Leben gef\u00fcllt werden.<\/p>\n\n\n\n<p>Was ist das Anliegen dieser Seite? Nun, der HP- bzw. Domain-Name sagt schon viel \u00fcber die Belange aus, welche das Kernthema f\u00fcr diese Pr\u00e4senz beschreiben.<\/p>\n\n\n\n<p><strong>NPO<\/strong> = Non Profit Organisation; gemeinn\u00fctzige, nicht profit-orientierte Organisation<br><strong>IT<\/strong> = Informationstechnologie<br><strong>Support<\/strong> = Unterst\u00fctzung<\/p>\n\n\n\n<h4 class=\"wp-block-heading\">Bedarf sucht Support und umgekehrt<\/h4>\n\n\n\n<p>Im Fokus der Bem\u00fchungen steht nat\u00fcrlich der Bedarf an Unterst\u00fctzung. Hier gilt es, die Anforderungen daf\u00fcr m\u00f6glichst genau zu beschreiben oder eben auch die notwendige Unterst\u00fctzung zu holen, um die Anforderungen so zu pr\u00e4zisieren, dass sie von Unterst\u00fctzern verstanden und analysiert werden kann.<\/p>\n\n\n\n<p>Auf der anderen Seite der Geschichte steht der Support. Mit Sicherheit deckt sich nicht immer der Supportbedarf mit den M\u00f6glichkeiten des angebotenen Supports. Um das Ganze mal im Sinne der Datenbankanalyse auszudr\u00fccken, das sind typische n:m-Beziehungen: viele Anforderungsdetails werden von ein oder mehreren Support-Personen gedeckt. <\/p>\n\n\n\n<h4 class=\"wp-block-heading\">Wie k\u00f6nnte das in der Praxis aussehen?<\/h4>\n\n\n\n<p>Nun &#8211; idealerweise ergibt sich im Laufe der Zeit eine Liste Anforderungen und auf der anderen Seite melden sich Support-Personen mit ihren Profilen. Oder die Support-willigen Personen gehen direkt auf die Bedarfsseite zu und sprechen \u00fcber Art und M\u00f6glichkeiten der Zusammenarbeit.<\/p>\n\n\n\n<h4 class=\"wp-block-heading\">Was ausdr\u00fccklich nicht das Ziel ist<\/h4>\n\n\n\n<p>Ganz <strong>ausdr\u00fccklich ist es KEIN Ziel<\/strong>, hier eine Job-B\u00f6rse f\u00fcr Support-Personen aufzubauen. An oberster Stelle steht die kostenfreie, ehrenamtliche Unterst\u00fctzung von eben solchen Organisationen. Diese Organisationen haben eh schon gen\u00fcgend M\u00fche, die notwendigen Mittel f\u00fcr den Betrieb aufzubringen.<\/p>\n\n\n\n<p>Und Support im Bereich der IT ist &#8211; zumindest aus meiner Erfahrung &#8211; keine Arbeit, welche mit direkten Kosten verbunden ist. Was gebraucht wird, ist Zeit, welche an die NPO&#8217;s &#8220;geschenkt\/gespendet&#8221; wird.<\/p>\n\n\n\n<h4 class=\"wp-block-heading\">Ausnahmen best\u00e4tigen die Regel<\/h4>\n\n\n\n<p>Es obliegt nat\u00fcrlich den Parteien eines Supportprojektes sich \u00fcber eine Aufwandsentsch\u00e4digung zu einigen. <strong>Trotzdem bleibt das oberste Prinzip: <\/strong>ehrenamtliche Unterst\u00fctzung und keine Jobvermittler-B\u00f6rse!<\/p>\n\n\n\n<h4 class=\"wp-block-heading\">Beispiele f\u00fcr Support-Bedarf<\/h4>\n\n\n\n<p>Sch\u00f6n und gut, aber um welche Art der Unterst\u00fctzung soll es denn nun gehen? Dazu mehr in den <a href=\"https:\/\/npoitsupport.de\/npowp\/index.php\/suche-fuer-zukuenftigen-support\/\" data-type=\"page\" data-id=\"42\">vorgestellten Projekten,<\/a> welche ich im Detail vorstelle und beschreibe. Und in diesem Zusammenhang wird auch die Notwendigkeit der Unterst\u00fctzung hoffentlich deutlich.<\/p>\n","protected":false},"excerpt":{"rendered":"<p>Willkommen auf der Seite von NPO IT Support. Die Grundidee f\u00fcr dieses Thema ist nat\u00fcrlich da, aber muss noch mit Leben gef\u00fcllt werden. Was ist das Anliegen dieser Seite? Nun, der HP- bzw. Domain-Name sagt schon viel \u00fcber die Belange aus, welche das Kernthema f\u00fcr diese Pr\u00e4senz beschreiben. NPO = Non Profit Organisation; gemeinn\u00fctzige, nicht profit-orientierte OrganisationIT = InformationstechnologieSupport = Unterst\u00fctzung Bedarf sucht Support und umgekehrt Im Fokus der Bem\u00fchungen steht nat\u00fcrlich der Bedarf an Unterst\u00fctzung. Hier gilt es, die Anforderungen daf\u00fcr m\u00f6glichst genau zu beschreiben oder eben auch die notwendige Unterst\u00fctzung zu holen, um die Anforderungen so zu pr\u00e4zisieren, dass sie von Unterst\u00fctzern verstanden und analysiert werden kann. Auf der anderen Seite der Geschichte steht der Support. Mit Sicherheit deckt sich nicht immer der Supportbedarf mit den M\u00f6glichkeiten des angebotenen Supports. Um das Ganze mal im Sinne der Datenbankanalyse auszudr\u00fccken, das sind typische n:m-Beziehungen: viele Anforderungsdetails werden von ein oder mehreren Support-Personen gedeckt. Wie k\u00f6nnte das in der Praxis aussehen? Nun &#8211; idealerweise ergibt sich im Laufe der Zeit eine Liste Anforderungen und auf der anderen Seite melden sich Support-Personen mit ihren Profilen. Oder die Support-willigen Personen gehen direkt auf die Bedarfsseite zu und sprechen \u00fcber Art und M\u00f6glichkeiten der Zusammenarbeit. Was ausdr\u00fccklich nicht das Ziel ist Ganz ausdr\u00fccklich ist es KEIN Ziel, hier eine Job-B\u00f6rse f\u00fcr Support-Personen aufzubauen. An oberster Stelle steht die kostenfreie, ehrenamtliche Unterst\u00fctzung von eben solchen Organisationen. Diese Organisationen haben eh schon gen\u00fcgend M\u00fche, die notwendigen Mittel f\u00fcr den Betrieb aufzubringen. Und Support im Bereich der IT ist &#8211; zumindest aus meiner Erfahrung &#8211; keine Arbeit, welche mit direkten Kosten verbunden ist. Was gebraucht wird, ist Zeit, welche an die NPO&#8217;s &#8220;geschenkt\/gespendet&#8221; wird. Ausnahmen best\u00e4tigen die Regel Es obliegt nat\u00fcrlich den Parteien eines Supportprojektes sich \u00fcber eine Aufwandsentsch\u00e4digung zu einigen. Trotzdem bleibt das oberste Prinzip: ehrenamtliche Unterst\u00fctzung und keine Jobvermittler-B\u00f6rse! Beispiele f\u00fcr Support-Bedarf Sch\u00f6n und gut, aber um welche Art der Unterst\u00fctzung soll es denn nun gehen? Dazu mehr in den vorgestellten Projekten, welche ich im Detail vorstelle und beschreibe. Und in diesem Zusammenhang wird auch die Notwendigkeit der Unterst\u00fctzung hoffentlich deutlich.<\/p>\n","protected":false},"author":1,"featured_media":0,"parent":0,"menu_order":0,"comment_status":"closed","ping_status":"closed","template":"","meta":{"footnotes":""},"class_list":["post-21","page","type-page","status-publish","hentry"],"_links":{"self":[{"href":"https:\/\/www.npoitsupport.de\/index.php\/wp-json\/wp\/v2\/pages\/21","targetHints":{"allow":["GET"]}}],"collection":[{"href":"https:\/\/www.npoitsupport.de\/index.php\/wp-json\/wp\/v2\/pages"}],"about":[{"href":"https:\/\/www.npoitsupport.de\/index.php\/wp-json\/wp\/v2\/types\/page"}],"author":[{"embeddable":true,"href":"https:\/\/www.npoitsupport.de\/index.php\/wp-json\/wp\/v2\/users\/1"}],"replies":[{"embeddable":true,"href":"https:\/\/www.npoitsupport.de\/index.php\/wp-json\/wp\/v2\/comments?post=21"}],"version-history":[{"count":11,"href":"https:\/\/www.npoitsupport.de\/index.php\/wp-json\/wp\/v2\/pages\/21\/revisions"}],"predecessor-version":[{"id":163,"href":"https:\/\/www.npoitsupport.de\/index.php\/wp-json\/wp\/v2\/pages\/21\/revisions\/163"}],"wp:attachment":[{"href":"https:\/\/www.npoitsupport.de\/index.php\/wp-json\/wp\/v2\/media?parent=21"}],"curies":[{"name":"wp","href":"https:\/\/api.w.org\/{rel}","templated":true}]}}