{"id":14,"date":"2022-07-21T07:26:52","date_gmt":"2022-07-21T07:26:52","guid":{"rendered":"https:\/\/npoitsupport.de\/npowp\/?page_id=14"},"modified":"2022-07-26T09:39:55","modified_gmt":"2022-07-26T09:39:55","slug":"fischerei-verein","status":"publish","type":"page","link":"https:\/\/www.npoitsupport.de\/index.php\/fischerei-verein\/","title":{"rendered":"Fischerei Verein"},"content":{"rendered":"\n<h4 class=\"wp-block-heading\">Support-Bedarf<\/h4>\n\n\n\n<p>Der Support-Bedarf f\u00fcr dieses Projekt ist wie folgt:<\/p>\n\n\n\n<ul class=\"wp-block-list\"><li>System-Administration (Unix, Ubuntu, Nextcloud)<\/li><li>Anwendungsentwicklung (MS Access (Front-End, Reports, Dialoge)<\/li><li>Homepage auf Basis WordPress mit anwenderspezifischen Plugins<\/li><li>u.U. Support eines Mail-Servers (Bestandteil des Unix-Servers)<\/li><\/ul>\n\n\n\n<p>Die genannten Anforderungen k\u00f6nnen nat\u00fcrlich auf verschiedene Personen aufgeteilt werden und m\u00fcssen nicht in Personalunion ausgef\u00fchrt werden.<\/p>\n\n\n\n<h4 class=\"wp-block-heading\">Grunds\u00e4tzliche Anforderungen<\/h4>\n\n\n\n<p>Nun zu aller erst nat\u00fcrlich mal wieder die Mitgliederverwaltung. Aber bei einem Fischereiverein ist die Beitragsabrechnung schon weitaus anspruchsvoller wie dies bei einem &#8220;normalen&#8221; Verein ist. Bei einem Fischereiverein setzt sich die Beitragsrechnung aus vielen unterschiedlichen Komponenten zusammen &#8211; dies nat\u00fcrlich haupts\u00e4chlich verbunden mit dem Hauptzweck eines solchen Vereins n\u00e4mlich der Bereitstellung und Pflege von Gew\u00e4ssern, wo die MitgliederInnen ihrem Hobby fr\u00f6nen k\u00f6nnen.<\/p>\n\n\n\n<h4 class=\"wp-block-heading\">Spezielle Anforderungen<\/h4>\n\n\n\n<p>Ein zentraler Bestandteil bei Fischereivereinen ist, dass die F\u00e4nge registriert werden. Aus diesen Daten wird u.a. die Basis f\u00fcr die Besatzplanung abgeleitet. <\/p>\n\n\n\n<p>Um nun den Mitgliedern die M\u00f6glichkeit zu geben vor Ort beim Fischen gleich auch die F\u00e4nge zu dokumentieren, braucht es nat\u00fcrlich einer IT-Umgebung, welche von \u00fcberall aus erreichbar ist. Das bedingt also einer <strong>IT-Landschaft<\/strong>, welche in der <strong>Cloud<\/strong> beheimatet ist und so von jeder beliebigen Stelle aus erreichbar ist &#8211; Internetverbindung nat\u00fcrlich als Voraussetzung.<\/p>\n\n\n\n<p>In einem solchen Fall kann man mit lokalen Windows-Rechnern nicht mehr die Notwendigkeiten abdecken und man muss auf zentrale Rechner setzen. Diese k\u00f6nnen nun aber kosteng\u00fcnstig angemietet werden (Stichwort: <strong>virtuelle Server, Root-Server<\/strong>), aber es braucht auch deren Administration (Stichwort: Unix \/ Ubuntu). Dies noch nicht genug, denn die Anwendungen m\u00fcssen ja auch erstellt (programmiert) werden und da sind in unserem Falle <strong>php-Kenntnisse<\/strong> erforderlich. <\/p>\n\n\n\n<h4 class=\"wp-block-heading\">IT-Profil f\u00fcr dieses Projekt<\/h4>\n\n\n\n<p>Hier ganz kurz mal eine Aufstellung der Komponenten, welche f\u00fcr das Projekt im Spiel sind:<\/p>\n\n\n\n<ul class=\"wp-block-list\"><li>Hardware: Unix-Server in der Cloud (Basis: Ubuntu) sowie diverse lokale Windows-Rechner f\u00fcr eine hybride Applikation<\/li><li>Software: Unix, Nextcloud, MySQL, PHP, MS Access<\/li><li>Applikationslogik: ein \u00fcberwiegender Anteil auf Basis MS Access (Frontend) sowie ein globaler Teil auf Basis PHP (als Plugin f\u00fcr die WordPress basierte Homepage)<\/li><li>In Vorbereitung bzw. \u00dcberlegung: Mail-Server (Software : Basis Mailcow)<\/li><\/ul>\n","protected":false},"excerpt":{"rendered":"<p>Support-Bedarf Der Support-Bedarf f\u00fcr dieses Projekt ist wie folgt: System-Administration (Unix, Ubuntu, Nextcloud) Anwendungsentwicklung (MS Access (Front-End, Reports, Dialoge) Homepage auf Basis WordPress mit anwenderspezifischen Plugins u.U. Support eines Mail-Servers (Bestandteil des Unix-Servers) Die genannten Anforderungen k\u00f6nnen nat\u00fcrlich auf verschiedene Personen aufgeteilt werden und m\u00fcssen nicht in Personalunion ausgef\u00fchrt werden. Grunds\u00e4tzliche Anforderungen Nun zu aller erst nat\u00fcrlich mal wieder die Mitgliederverwaltung. Aber bei einem Fischereiverein ist die Beitragsabrechnung schon weitaus anspruchsvoller wie dies bei einem &#8220;normalen&#8221; Verein ist. Bei einem Fischereiverein setzt sich die Beitragsrechnung aus vielen unterschiedlichen Komponenten zusammen &#8211; dies nat\u00fcrlich haupts\u00e4chlich verbunden mit dem Hauptzweck eines solchen Vereins n\u00e4mlich der Bereitstellung und Pflege von Gew\u00e4ssern, wo die MitgliederInnen ihrem Hobby fr\u00f6nen k\u00f6nnen. Spezielle Anforderungen Ein zentraler Bestandteil bei Fischereivereinen ist, dass die F\u00e4nge registriert werden. Aus diesen Daten wird u.a. die Basis f\u00fcr die Besatzplanung abgeleitet. Um nun den Mitgliedern die M\u00f6glichkeit zu geben vor Ort beim Fischen gleich auch die F\u00e4nge zu dokumentieren, braucht es nat\u00fcrlich einer IT-Umgebung, welche von \u00fcberall aus erreichbar ist. Das bedingt also einer IT-Landschaft, welche in der Cloud beheimatet ist und so von jeder beliebigen Stelle aus erreichbar ist &#8211; Internetverbindung nat\u00fcrlich als Voraussetzung. In einem solchen Fall kann man mit lokalen Windows-Rechnern nicht mehr die Notwendigkeiten abdecken und man muss auf zentrale Rechner setzen. Diese k\u00f6nnen nun aber kosteng\u00fcnstig angemietet werden (Stichwort: virtuelle Server, Root-Server), aber es braucht auch deren Administration (Stichwort: Unix \/ Ubuntu). Dies noch nicht genug, denn die Anwendungen m\u00fcssen ja auch erstellt (programmiert) werden und da sind in unserem Falle php-Kenntnisse erforderlich. IT-Profil f\u00fcr dieses Projekt Hier ganz kurz mal eine Aufstellung der Komponenten, welche f\u00fcr das Projekt im Spiel sind: Hardware: Unix-Server in der Cloud (Basis: Ubuntu) sowie diverse lokale Windows-Rechner f\u00fcr eine hybride Applikation Software: Unix, Nextcloud, MySQL, PHP, MS Access Applikationslogik: ein \u00fcberwiegender Anteil auf Basis MS Access (Frontend) sowie ein globaler Teil auf Basis PHP (als Plugin f\u00fcr die WordPress basierte Homepage) In Vorbereitung bzw. \u00dcberlegung: Mail-Server (Software : Basis Mailcow)<\/p>\n","protected":false},"author":1,"featured_media":0,"parent":0,"menu_order":0,"comment_status":"closed","ping_status":"closed","template":"","meta":{"footnotes":""},"class_list":["post-14","page","type-page","status-publish","hentry"],"_links":{"self":[{"href":"https:\/\/www.npoitsupport.de\/index.php\/wp-json\/wp\/v2\/pages\/14","targetHints":{"allow":["GET"]}}],"collection":[{"href":"https:\/\/www.npoitsupport.de\/index.php\/wp-json\/wp\/v2\/pages"}],"about":[{"href":"https:\/\/www.npoitsupport.de\/index.php\/wp-json\/wp\/v2\/types\/page"}],"author":[{"embeddable":true,"href":"https:\/\/www.npoitsupport.de\/index.php\/wp-json\/wp\/v2\/users\/1"}],"replies":[{"embeddable":true,"href":"https:\/\/www.npoitsupport.de\/index.php\/wp-json\/wp\/v2\/comments?post=14"}],"version-history":[{"count":5,"href":"https:\/\/www.npoitsupport.de\/index.php\/wp-json\/wp\/v2\/pages\/14\/revisions"}],"predecessor-version":[{"id":131,"href":"https:\/\/www.npoitsupport.de\/index.php\/wp-json\/wp\/v2\/pages\/14\/revisions\/131"}],"wp:attachment":[{"href":"https:\/\/www.npoitsupport.de\/index.php\/wp-json\/wp\/v2\/media?parent=14"}],"curies":[{"name":"wp","href":"https:\/\/api.w.org\/{rel}","templated":true}]}}