{"id":13,"date":"2022-07-21T07:26:52","date_gmt":"2022-07-21T07:26:52","guid":{"rendered":"https:\/\/npoitsupport.de\/npowp\/?page_id=13"},"modified":"2023-01-27T16:09:09","modified_gmt":"2023-01-27T16:09:09","slug":"ambulantes-hospiz","status":"publish","type":"page","link":"https:\/\/www.npoitsupport.de\/index.php\/ambulantes-hospiz\/","title":{"rendered":"Ambulantes Hospiz"},"content":{"rendered":"\n<h4 class=\"wp-block-heading\">Um was geht es bei einem ambulanten Hospiz?<\/h4>\n\n\n\n<p>Nun, ein ambulantes Hospiz betreut Personen in ihrer eigenen Umgebung. Das kann die eigene Wohnung \/ das Haus oder eben auch eine soziale Einrichtung wie z.B. eine Pflegeheim sein. Hospizarbeit ist &#8211; sehr allgemein ausgedr\u00fcckt &#8211; die Betreuung und Unterst\u00fctzung von Personen in ihrem letzten Lebensabschnitt vor dem Tod.<\/p>\n\n\n\n<h4 class=\"wp-block-heading\">Administrative Arbeit in einem Hospiz<\/h4>\n\n\n\n<p>I.d.R. sind ambulante Hospize ehrenamtliche Vereine mit einer entsprechenden Anzahl von (f\u00f6rdernden und aktiven) Mitgliedern. <\/p>\n\n\n\n<p>Daneben gibt es dann nat\u00fcrlich noch die &#8220;Spezialkr\u00e4fte&#8221; eines solchen Hospizes und das sind dann ausgebildete Hospiz-Schwestern (M\u00e4nner hab ich an dieser Stelle noch nicht kennengelernt). <\/p>\n\n\n\n<p>Die administrative Arbeit befasst sich also im Allgemeinen mit<\/p>\n\n\n\n<ul class=\"wp-block-list\">\n<li>Mitgliederverwaltung (nur ein notwendiger Anhang)<\/li>\n\n\n\n<li>Einsatzplanung von Betreuungen<\/li>\n\n\n\n<li>Dokumentation der Arbeit bei den Betreuungen<\/li>\n\n\n\n<li>Finanzbuchhaltung entsprechend den Anforderungen f\u00fcr einen Verein<\/li>\n\n\n\n<li>Lohn-\/Gehaltsabrechnung f\u00fcr die hauptamtlichen MitarbeiterInnen<\/li>\n\n\n\n<li>Statische Auswertungen und Abrechnungen f\u00fcr die Krankenkassen<\/li>\n<\/ul>\n\n\n\n<p>Angesichts der Aufz\u00e4hlung der anfallenden Arbeiten wird hier schnell ersichtlich, dass eine der zitierten Standardl\u00f6sungen f\u00fcr eine Mitgliederverwaltung nur einen geringen Anteil der notwendigen Funktionalit\u00e4t eines ambulanten Hospizes abdecken w\u00fcrde. Hier sind andere, weiter reichende Funktionalit\u00e4ten gefragt. <\/p>\n\n\n\n<p>Die Anforderungen w\u00fcrden sich logischerweise gewaltig steigern, w\u00fcrde das ambulante Hospiz in bzw. um ein station\u00e4res Hospiz erweitert werden. Hier sind dann die Funktionalit\u00e4ten f\u00fcr die Abrechnung der Patientenunterbringung, usw. gefordert. <\/p>\n\n\n\n<p>In dem vorliegenden Projekt ist jedoch nur ein ambulantes Hospiz betroffen.<\/p>\n","protected":false},"excerpt":{"rendered":"<p>Um was geht es bei einem ambulanten Hospiz? Nun, ein ambulantes Hospiz betreut Personen in ihrer eigenen Umgebung. Das kann die eigene Wohnung \/ das Haus oder eben auch eine soziale Einrichtung wie z.B. eine Pflegeheim sein. Hospizarbeit ist &#8211; sehr allgemein ausgedr\u00fcckt &#8211; die Betreuung und Unterst\u00fctzung von Personen in ihrem letzten Lebensabschnitt vor dem Tod. Administrative Arbeit in einem Hospiz I.d.R. sind ambulante Hospize ehrenamtliche Vereine mit einer entsprechenden Anzahl von (f\u00f6rdernden und aktiven) Mitgliedern. Daneben gibt es dann nat\u00fcrlich noch die &#8220;Spezialkr\u00e4fte&#8221; eines solchen Hospizes und das sind dann ausgebildete Hospiz-Schwestern (M\u00e4nner hab ich an dieser Stelle noch nicht kennengelernt). Die administrative Arbeit befasst sich also im Allgemeinen mit Angesichts der Aufz\u00e4hlung der anfallenden Arbeiten wird hier schnell ersichtlich, dass eine der zitierten Standardl\u00f6sungen f\u00fcr eine Mitgliederverwaltung nur einen geringen Anteil der notwendigen Funktionalit\u00e4t eines ambulanten Hospizes abdecken w\u00fcrde. Hier sind andere, weiter reichende Funktionalit\u00e4ten gefragt. Die Anforderungen w\u00fcrden sich logischerweise gewaltig steigern, w\u00fcrde das ambulante Hospiz in bzw. um ein station\u00e4res Hospiz erweitert werden. Hier sind dann die Funktionalit\u00e4ten f\u00fcr die Abrechnung der Patientenunterbringung, usw. gefordert. In dem vorliegenden Projekt ist jedoch nur ein ambulantes Hospiz betroffen.<\/p>\n","protected":false},"author":1,"featured_media":0,"parent":0,"menu_order":0,"comment_status":"closed","ping_status":"closed","template":"","meta":{"footnotes":""},"class_list":["post-13","page","type-page","status-publish","hentry"],"_links":{"self":[{"href":"https:\/\/www.npoitsupport.de\/index.php\/wp-json\/wp\/v2\/pages\/13","targetHints":{"allow":["GET"]}}],"collection":[{"href":"https:\/\/www.npoitsupport.de\/index.php\/wp-json\/wp\/v2\/pages"}],"about":[{"href":"https:\/\/www.npoitsupport.de\/index.php\/wp-json\/wp\/v2\/types\/page"}],"author":[{"embeddable":true,"href":"https:\/\/www.npoitsupport.de\/index.php\/wp-json\/wp\/v2\/users\/1"}],"replies":[{"embeddable":true,"href":"https:\/\/www.npoitsupport.de\/index.php\/wp-json\/wp\/v2\/comments?post=13"}],"version-history":[{"count":3,"href":"https:\/\/www.npoitsupport.de\/index.php\/wp-json\/wp\/v2\/pages\/13\/revisions"}],"predecessor-version":[{"id":165,"href":"https:\/\/www.npoitsupport.de\/index.php\/wp-json\/wp\/v2\/pages\/13\/revisions\/165"}],"wp:attachment":[{"href":"https:\/\/www.npoitsupport.de\/index.php\/wp-json\/wp\/v2\/media?parent=13"}],"curies":[{"name":"wp","href":"https:\/\/api.w.org\/{rel}","templated":true}]}}