{"id":127,"date":"2022-07-26T09:35:45","date_gmt":"2022-07-26T09:35:45","guid":{"rendered":"https:\/\/npoitsupport.de\/npowp\/?page_id=127"},"modified":"2022-07-26T09:35:45","modified_gmt":"2022-07-26T09:35:45","slug":"support-angebote","status":"publish","type":"page","link":"https:\/\/www.npoitsupport.de\/index.php\/support-angebote\/","title":{"rendered":"Support &#8211; Angebote"},"content":{"rendered":"\n<p>Diese Seite ist im Aufbau begriffen. Hier wird die M\u00f6glichkeit gegeben sein, Support-Angebote zu definieren. Attribute f\u00fcr Support-Angebote k\u00f6nnten sein:<\/p>\n\n\n\n<ul class=\"wp-block-list\"><li>wo ist der Supporter beheimatet (PLZ, Ort)<\/li><li>wird Support au\u00dferhalb des Wohnortes (Bezirks) angeboten ja \/ nein<\/li><li>wird nur Remote-Support angeboten<\/li><li>f\u00fcr welchen zeitlichen Rahmen wird Support angeboten<\/li><li>welche speziellen Kenntnisse sind vorhanden, f\u00fcr die Support angeboten wird<ul><li>Betriebssysteme<\/li><li>Programmiersprachen<\/li><li>Datenbankdesign<\/li><\/ul><ul><li>Sonstige Kenntnisse und F\u00e4higkeiten<\/li><\/ul><\/li><\/ul>\n","protected":false},"excerpt":{"rendered":"<p>Diese Seite ist im Aufbau begriffen. Hier wird die M\u00f6glichkeit gegeben sein, Support-Angebote zu definieren. Attribute f\u00fcr Support-Angebote k\u00f6nnten sein: wo ist der Supporter beheimatet (PLZ, Ort) wird Support au\u00dferhalb des Wohnortes (Bezirks) angeboten ja \/ nein wird nur Remote-Support angeboten f\u00fcr welchen zeitlichen Rahmen wird Support angeboten welche speziellen Kenntnisse sind vorhanden, f\u00fcr die Support angeboten wird Betriebssysteme Programmiersprachen Datenbankdesign Sonstige Kenntnisse und F\u00e4higkeiten<\/p>\n","protected":false},"author":1,"featured_media":0,"parent":0,"menu_order":0,"comment_status":"closed","ping_status":"closed","template":"","meta":{"footnotes":""},"class_list":["post-127","page","type-page","status-publish","hentry"],"_links":{"self":[{"href":"https:\/\/www.npoitsupport.de\/index.php\/wp-json\/wp\/v2\/pages\/127","targetHints":{"allow":["GET"]}}],"collection":[{"href":"https:\/\/www.npoitsupport.de\/index.php\/wp-json\/wp\/v2\/pages"}],"about":[{"href":"https:\/\/www.npoitsupport.de\/index.php\/wp-json\/wp\/v2\/types\/page"}],"author":[{"embeddable":true,"href":"https:\/\/www.npoitsupport.de\/index.php\/wp-json\/wp\/v2\/users\/1"}],"replies":[{"embeddable":true,"href":"https:\/\/www.npoitsupport.de\/index.php\/wp-json\/wp\/v2\/comments?post=127"}],"version-history":[{"count":1,"href":"https:\/\/www.npoitsupport.de\/index.php\/wp-json\/wp\/v2\/pages\/127\/revisions"}],"predecessor-version":[{"id":128,"href":"https:\/\/www.npoitsupport.de\/index.php\/wp-json\/wp\/v2\/pages\/127\/revisions\/128"}],"wp:attachment":[{"href":"https:\/\/www.npoitsupport.de\/index.php\/wp-json\/wp\/v2\/media?parent=127"}],"curies":[{"name":"wp","href":"https:\/\/api.w.org\/{rel}","templated":true}]}}